{"id":125,"date":"2026-03-14T21:04:14","date_gmt":"2026-03-14T21:04:14","guid":{"rendered":"https:\/\/www.quaranta.tumarcaagencia.com\/?post_type=product&#038;p=125"},"modified":"2026-03-14T21:21:26","modified_gmt":"2026-03-14T21:21:26","slug":"ensalada-de-peras-con-queso-gorgonzola","status":"publish","type":"product","link":"https:\/\/www.quaranta.tumarcaagencia.com\/index.php\/producto\/ensalada-de-peras-con-queso-gorgonzola\/","title":{"rendered":"Ensalada de Peras con Queso Gorgonzola"},"content":{"rendered":"<p>Una combinaci\u00f3n sublime de texturas y contrastes. Peras horneadas a la perfecci\u00f3n, acompa\u00f1adas de la intensidad del queso gorgonzola y la frescura de la r\u00fagula. El toque crujiente de las nueces y la dulzura de la miel y la glassa blanca se entrelazan con una sofisticada vinagreta de aceto bals\u00e1mico.<\/p>\n","protected":false},"excerpt":{"rendered":"<p>Una combinaci\u00f3n sublime de texturas y contrastes. Peras horneadas a la perfecci\u00f3n, acompa\u00f1adas de la intensidad del queso gorgonzola y la frescura de la r\u00fagula. El toque crujiente de las nueces y la dulzura de la miel y la glassa blanca se entrelazan con una sofisticada vinagreta de aceto bals\u00e1mico.<\/p>\n","protected":false},"featured_media":131,"comment_status":"open","ping_status":"closed","template":"","meta":{"_acf_changed":false},"product_brand":[26],"product_cat":[20],"product_tag":[],"class_list":{"0":"post-125","1":"product","2":"type-product","3":"status-publish","4":"has-post-thumbnail","6":"product_brand-insalate-dautore","7":"product_cat-ensaladas","9":"first","10":"instock","11":"shipping-taxable","12":"purchasable","13":"product-type-simple"},"acf":[],"_links":{"self":[{"href":"https:\/\/www.quaranta.tumarcaagencia.com\/index.php\/wp-json\/wp\/v2\/product\/125","targetHints":{"allow":["GET"]}}],"collection":[{"href":"https:\/\/www.quaranta.tumarcaagencia.com\/index.php\/wp-json\/wp\/v2\/product"}],"about":[{"href":"https:\/\/www.quaranta.tumarcaagencia.com\/index.php\/wp-json\/wp\/v2\/types\/product"}],"replies":[{"embeddable":true,"href":"https:\/\/www.quaranta.tumarcaagencia.com\/index.php\/wp-json\/wp\/v2\/comments?post=125"}],"wp:featuredmedia":[{"embeddable":true,"href":"https:\/\/www.quaranta.tumarcaagencia.com\/index.php\/wp-json\/wp\/v2\/media\/131"}],"wp:attachment":[{"href":"https:\/\/www.quaranta.tumarcaagencia.com\/index.php\/wp-json\/wp\/v2\/media?parent=125"}],"wp:term":[{"taxonomy":"product_brand","embeddable":true,"href":"https:\/\/www.quaranta.tumarcaagencia.com\/index.php\/wp-json\/wp\/v2\/product_brand?post=125"},{"taxonomy":"product_cat","embeddable":true,"href":"https:\/\/www.quaranta.tumarcaagencia.com\/index.php\/wp-json\/wp\/v2\/product_cat?post=125"},{"taxonomy":"product_tag","embeddable":true,"href":"https:\/\/www.quaranta.tumarcaagencia.com\/index.php\/wp-json\/wp\/v2\/product_tag?post=125"}],"curies":[{"name":"wp","href":"https:\/\/api.w.org\/{rel}","templated":true}]}}